




{"id":187,"date":"2023-08-28T07:55:26","date_gmt":"2023-08-28T07:55:26","guid":{"rendered":"http:\/\/ppgroup.nanoweb.vn\/?page_id=187"},"modified":"2024-06-10T09:20:37","modified_gmt":"2024-06-10T09:20:37","slug":"thong-diep-chu-tich","status":"publish","type":"page","link":"https:\/\/pppaper.com.vn\/en\/homepage\/thong-diep-chu-tich\/","title":{"rendered":"Message from the Chairman"},"content":{"rendered":"<section class=\"wpb-content-wrapper\"><section id=\"ceo_message\" class=\"vc_section has_bg\"><div class=\"vc_row wpb_row vc_row-fluid\"><div class=\"wpb_column vc_column_container vc_col-sm-12\"><div class=\"vc_column-inner\"><div class=\"wpb_wrapper\">\n\t<div class=\"wpb_text_column wpb_content_element\" >\n\t\t<div class=\"wpb_wrapper\">\n\t\t\t<div class=\"span\" style=\"text-align: center;\">Company Information<\/div>\n\n\t\t<\/div>\n\t<\/div>\n\n\t<div class=\"wpb_text_column wpb_content_element\" >\n\t\t<div class=\"wpb_wrapper\">\n\t\t\t<div class=\"center\">\n<h2 style=\"text-align: center;\">Message from the Chairman<\/h2>\n<\/div>\n\n\t\t<\/div>\n\t<\/div>\n<\/div><\/div><\/div><\/div><div class=\"vc_row wpb_row vc_row-fluid message_row\"><div class=\"message-left wpb_column vc_column_container vc_col-sm-6\"><div class=\"vc_column-inner\"><div class=\"wpb_wrapper\">\n\t<div class=\"wpb_text_column wpb_content_element\" >\n\t\t<div class=\"wpb_wrapper\">\n\t\t\t<p style=\"text-align: left;\"><em><strong>Qu\u00fd kh\u00e1ch th\u00e2n m\u1ebfn,<\/strong><\/em><\/p>\n<p style=\"text-align: left;\">Jack Ma \u0111\u00e3 t\u1eebng n\u00f3i: Ng\u00e0y nay, ki\u1ebfm ti\u1ec1n r\u1ea5t \u0111\u01a1n gi\u1ea3n. Nh\u01b0ng ki\u1ebfm ti\u1ec1n b\u1ec1n v\u1eefng, trong khi c\u00f3 tr\u00e1ch nhi\u1ec7m v\u1edbi x\u00e3 h\u1ed9i v\u00e0 c\u1ea3i thi\u1ec7n th\u1ebf gi\u1edbi th\u00ec r\u1ea5t kh\u00f3.<\/p>\n<p style=\"text-align: left;\">\u0110\u00fang! R\u1ea5t kh\u00f3 nh\u01b0ng kh\u00f4ng c\u00f3 ngh\u0129a l\u00e0 kh\u00f4ng th\u1ec3 th\u1ef1c hi\u1ec7n \u0111\u01b0\u1ee3c. V\u00e0 \u1edf C\u00f4ng ty C\u1ed5 ph\u1ea7n S\u1ea3n xu\u1ea5t v\u00e0 Th\u01b0\u01a1ng m\u1ea1i P.P, Ban Gi\u00e1m \u0111\u1ed1c c\u00f9ng to\u00e0n th\u1ec3 nh\u00e2n vi\u00ean ch\u00fang t\u00f4i cam k\u1ebft th\u1ef1c hi\u1ec7n \u0111i\u1ec1u \u0111\u00f3, c\u00f9ng nhau n\u1ed7 l\u1ef1c ph\u1ea5n \u0111\u1ea5u m\u1ed7i ng\u00e0y \u0111\u1ec3 d\u1ea7n ho\u00e0n thi\u1ec7n \u0111i\u1ec1u \u0111\u00f3.<\/p>\n<p style=\"text-align: left;\">C\u00f4ng ty C\u1ed5 ph\u1ea7n S\u1ea3n xu\u1ea5t v\u00e0 Th\u01b0\u01a1ng m\u1ea1i P.P \u0111\u01b0\u1ee3c th\u00e0nh l\u1eadp c\u00e1ch \u0111\u00e2y h\u01a1n 20 n\u0103m v\u1edbi c\u00e1c s\u1ea3n ph\u1ea9m li\u00ean quan \u0111\u1ebfn gi\u1ea5y v\u1edf. Sinh sau \u0111\u1ebb mu\u1ed9n t\u01b0\u1edfng ch\u1eebng kh\u00f4ng ph\u1ea3i l\u1ee3i th\u1ebf, nh\u01b0ng ch\u00fang t\u00f4i \u0111\u00e3 bi\u1ebfn n\u00f3 th\u00e0nh th\u1ebf m\u1ea1nh cho m\u00ecnh, v\u1edbi s\u1ea3n ph\u1ea9m \u0111\u00e3 chi\u1ebfm l\u0129nh nhi\u1ec1u th\u1ecb tr\u01b0\u1eddng kh\u00f4ng ch\u1ec9 trong n\u01b0\u1edbc m\u00e0 c\u1ea3 \u1edf qu\u1ed1c t\u1ebf. Ph\u00e1t tri\u1ec3n b\u1ec1n v\u1eefng c\u00f9ng nh\u1eefng b\u1ea1n h\u00e0ng l\u1edbn v\u00e0 c\u00e1c \u0111\u1ed1i t\u00e1c chi\u1ebfn l\u01b0\u1ee3c.<\/p>\n<p style=\"text-align: left;\">Ph\u00e1t tri\u1ec3n \u0111i \u0111\u00f4i v\u1edbi tr\u00e1ch nhi\u1ec7m x\u00e3 h\u1ed9i, l\u00e0m thi\u1ec7n nguy\u1ec7n v\u00e0 \u0111\u00f3ng g\u00f3p cho c\u1ed9ng \u0111\u1ed3ng ng\u00e0y c\u00e0ng t\u1ed1t \u0111\u1eb9p h\u01a1n. Ch\u00fang t\u00f4i quan ni\u1ec7m, t\u1eebng b\u01b0\u1edbc \u0111i nh\u1ecf h\u00f4m nay s\u1ebd c\u1ea3i bi\u1ebfn d\u1ea7n th\u1ebf gi\u1edbi to l\u1edbn ngo\u00e0i kia. &#8211; V\u00ec m\u1ed9t Vi\u1ec7t Nam t\u01b0\u01a1i s\u00e1ng h\u01a1n!<\/p>\n<p>\u00a0<\/p>\n\n\t\t<\/div>\n\t<\/div>\n<\/div><\/div><\/div><div class=\"message-right wpb_column vc_column_container vc_col-sm-6\"><div class=\"vc_column-inner\"><div class=\"wpb_wrapper\">\n\t<div  class=\"wpb_single_image wpb_content_element vc_align_left   message-image\">\n\t\t\n\t\t<figure class=\"wpb_wrapper vc_figure\">\n\t\t\t<div class=\"vc_single_image-wrapper   vc_box_border_grey\"><img loading=\"lazy\" decoding=\"async\" width=\"501\" height=\"670\" src=\"https:\/\/pppaper.com.vn\/wp-content\/uploads\/2024\/04\/Untitled-1.jpg\" class=\"vc_single_image-img attachment-full\" alt=\"\" title=\"Untitled-1\" srcset=\"https:\/\/pppaper.com.vn\/wp-content\/uploads\/2024\/04\/Untitled-1.jpg 501w, https:\/\/pppaper.com.vn\/wp-content\/uploads\/2024\/04\/Untitled-1-224x300.jpg 224w, https:\/\/pppaper.com.vn\/wp-content\/uploads\/2024\/04\/Untitled-1-9x12.jpg 9w\" sizes=\"auto, (max-width: 501px) 100vw, 501px\" \/><\/div>\n\t\t<\/figure>\n\t<\/div>\n\n\t<div class=\"wpb_text_column wpb_content_element\" >\n\t\t<div class=\"wpb_wrapper\">\n\t\t\t<p>P.P. Manufacturing and Trading Joint Stock Company was established 20 years ago, specializing in notebook paper products. Although entering the market later than others might not seem like an advantage, we have turned it into a strength, with our products capturing a significant share of the market both domestically and internationally. We are committed to sustainable development alongside our major clients and strategic partners.<\/p>\n<p style=\"text-align: center;\"><em><strong>Ban Gi\u00e1m \u0111\u1ed1c xin tr\u00e2n tr\u1ecdng c\u1ea3m \u01a1n v\u00e0 ghi nh\u1eadn t\u00ecnh c\u1ea3m c\u1ee7a c\u00e1c qu\u00fd kh\u00e1ch h\u00e0ng!<\/strong><\/em><\/p>\n\n\t\t<\/div>\n\t<\/div>\n<\/div><\/div><\/div><\/div><\/section>\n<\/section>","protected":false},"excerpt":{"rendered":"Th\u00f4ng tin c\u00f4ng ty Th\u00f4ng \u0111i\u1ec7p ch\u1ee7 t\u1ecbch Qu\u00fd kh\u00e1ch th\u00e2n m\u1ebfn, Jack Ma \u0111\u00e3 t\u1eebng n\u00f3i: Ng\u00e0y nay, ki\u1ebfm ti\u1ec1n r\u1ea5t \u0111\u01a1n gi\u1ea3n. Nh\u01b0ng ki\u1ebfm ti\u1ec1n b\u1ec1n v\u1eefng, trong khi c\u00f3 tr\u00e1ch nhi\u1ec7m v\u1edbi x\u00e3 h\u1ed9i v\u00e0 c\u1ea3i thi\u1ec7n th\u1ebf gi\u1edbi th\u00ec r\u1ea5t kh\u00f3. \u0110\u00fang! R\u1ea5t kh\u00f3 nh\u01b0ng kh\u00f4ng c\u00f3 ngh\u0129a l\u00e0 kh\u00f4ng th\u1ec3 [...]","protected":false},"author":1,"featured_media":0,"parent":9,"menu_order":0,"comment_status":"closed","ping_status":"closed","template":"","meta":{"footnotes":""},"class_list":["post-187","page","type-page","status-publish","hentry"],"aioseo_notices":[],"_links":{"self":[{"href":"https:\/\/pppaper.com.vn\/en\/wp-json\/wp\/v2\/pages\/187","targetHints":{"allow":["GET"]}}],"collection":[{"href":"https:\/\/pppaper.com.vn\/en\/wp-json\/wp\/v2\/pages"}],"about":[{"href":"https:\/\/pppaper.com.vn\/en\/wp-json\/wp\/v2\/types\/page"}],"author":[{"embeddable":true,"href":"https:\/\/pppaper.com.vn\/en\/wp-json\/wp\/v2\/users\/1"}],"replies":[{"embeddable":true,"href":"https:\/\/pppaper.com.vn\/en\/wp-json\/wp\/v2\/comments?post=187"}],"version-history":[{"count":27,"href":"https:\/\/pppaper.com.vn\/en\/wp-json\/wp\/v2\/pages\/187\/revisions"}],"predecessor-version":[{"id":1065,"href":"https:\/\/pppaper.com.vn\/en\/wp-json\/wp\/v2\/pages\/187\/revisions\/1065"}],"up":[{"embeddable":true,"href":"https:\/\/pppaper.com.vn\/en\/wp-json\/wp\/v2\/pages\/9"}],"wp:attachment":[{"href":"https:\/\/pppaper.com.vn\/en\/wp-json\/wp\/v2\/media?parent=187"}],"curies":[{"name":"wp","href":"https:\/\/api.w.org\/{rel}","templated":true}]}}